{"id":15692,"date":"2021-08-26T12:22:07","date_gmt":"2021-08-26T12:22:07","guid":{"rendered":"http:\/\/dummy.xtemos.com\/woodmart2\/elementor\/?page_id=47"},"modified":"2025-07-10T12:31:06","modified_gmt":"2025-07-10T11:31:06","slug":"hotel","status":"publish","type":"page","link":"https:\/\/douniaessafar.com\/index.php\/hotel\/","title":{"rendered":"Hotel"},"content":{"rendered":"\t\t<div data-elementor-type=\"wp-page\" data-elementor-id=\"15692\" class=\"elementor elementor-15692\">\n\t\t\t\t<div class=\"wd-negative-gap elementor-element elementor-element-63c6acf e-flex e-con-boxed wpr-particle-no wpr-jarallax-no wpr-parallax-no wpr-sticky-section-no wpr-equal-height-no e-con e-parent\" data-id=\"63c6acf\" data-element_type=\"container\" data-e-type=\"container\">\n\t\t\t\t\t<div class=\"e-con-inner\">\n\t\t\t\t<div class=\"elementor-element elementor-element-da5b2cc elementor-widget elementor-widget-heading\" data-id=\"da5b2cc\" data-element_type=\"widget\" data-e-type=\"widget\" data-widget_type=\"heading.default\">\n\t\t\t\t<div class=\"elementor-widget-container\">\n\t\t\t\t\t<h2 class=\"elementor-heading-title elementor-size-default\">R\u00e9servez vos h\u00f4tels en toute confiance<\/h2>\t\t\t\t<\/div>\n\t\t\t\t<\/div>\n\t\t\t\t\t<\/div>\n\t\t\t\t<\/div>\n\t\t<div class=\"wd-negative-gap elementor-element elementor-element-45ccbf0 e-flex e-con-boxed wpr-particle-no wpr-jarallax-no wpr-parallax-no wpr-sticky-section-no wpr-equal-height-no e-con e-parent\" data-id=\"45ccbf0\" data-element_type=\"container\" data-e-type=\"container\">\n\t\t\t\t\t<div class=\"e-con-inner\">\n\t\t\t\t<div class=\"elementor-element elementor-element-e8333f7 elementor-widget elementor-widget-heading\" data-id=\"e8333f7\" data-element_type=\"widget\" data-e-type=\"widget\" data-widget_type=\"heading.default\">\n\t\t\t\t<div class=\"elementor-widget-container\">\n\t\t\t\t\t<h2 class=\"elementor-heading-title elementor-size-default\">Explorez le monde ou red\u00e9couvrez l\u2019Alg\u00e9rie\u2026 votre h\u00f4tel vous attend !\n<\/h2>\t\t\t\t<\/div>\n\t\t\t\t<\/div>\n\t\t\t\t\t<\/div>\n\t\t\t\t<\/div>\n\t\t<div class=\"wd-negative-gap elementor-element elementor-element-5968b82 e-flex e-con-boxed wpr-particle-no wpr-jarallax-no wpr-parallax-no wpr-sticky-section-no wpr-equal-height-no e-con e-parent\" data-id=\"5968b82\" data-element_type=\"container\" data-e-type=\"container\">\n\t\t\t\t\t<div class=\"e-con-inner\">\n\t\t\t\t<div class=\"elementor-element elementor-element-a002cf6 color-scheme-inherit text-left elementor-widget elementor-widget-text-editor\" data-id=\"a002cf6\" data-element_type=\"widget\" data-e-type=\"widget\" data-widget_type=\"text-editor.default\">\n\t\t\t\t<div class=\"elementor-widget-container\">\n\t\t\t\t\t\t\t\t\t<p data-start=\"367\" data-end=\"589\">Que vous r\u00eaviez d\u2019un s\u00e9jour en bord de mer \u00e0 Tipaza, d\u2019un week-end d\u00e9tente \u00e0 Constantine ou d\u2019une escapade \u00e0 l\u2019\u00e9tranger, nous vous proposons une s\u00e9lection d\u2019h\u00f4tels soigneusement choisis pour r\u00e9pondre \u00e0 toutes vos envies.<\/p><p data-start=\"593\" data-end=\"708\">R\u00e9servez en toute confiance, au meilleur rapport qualit\u00e9-prix, pour vos voyages en Alg\u00e9rie comme \u00e0 l\u2019international.<\/p>\t\t\t\t\t\t\t\t<\/div>\n\t\t\t\t<\/div>\n\t\t\t\t\t<\/div>\n\t\t\t\t<\/div>\n\t\t<div class=\"wd-negative-gap elementor-element elementor-element-bd44c3f e-grid e-con-boxed wpr-particle-no wpr-jarallax-no wpr-parallax-no wpr-sticky-section-no wpr-equal-height-no e-con e-parent\" data-id=\"bd44c3f\" data-element_type=\"container\" data-e-type=\"container\">\n\t\t\t\t\t<div class=\"e-con-inner\">\n\t\t\t\t<div class=\"elementor-element elementor-element-d080d21 elementor-widget-mobile__width-inherit elementor-widget elementor-widget-wd_banner\" data-id=\"d080d21\" data-element_type=\"widget\" data-e-type=\"widget\" data-widget_type=\"wd_banner.default\">\n\t\t\t\t<div class=\"elementor-widget-container\">\n\t\t\t\t\t\t\t<div class=\"promo-banner-wrapper\">\n\t\t\t<div class=\"promo-banner banner-default banner-hover-zoom color-scheme-light banner-btn-size-default banner-btn-style-link with-btn banner-btn-position-hover wd-with-link\">\n\t\t\t\t<div class=\"main-wrapp-img\">\n\t\t\t\t\t<div class=\"banner-image wd-without-height\">\n\t\t\t\t\t\t\t\t\t\t\t\t\t\t\t\t\t\t\t\t\t<img fetchpriority=\"high\" decoding=\"async\" width=\"1300\" height=\"800\" src=\"https:\/\/douniaessafar.com\/wp-content\/uploads\/2025\/06\/1.png\" class=\"attachment-large size-large\" alt=\"\" srcset=\"https:\/\/douniaessafar.com\/wp-content\/uploads\/2025\/06\/1.png 1300w, https:\/\/douniaessafar.com\/wp-content\/uploads\/2025\/06\/1-430x265.png 430w, https:\/\/douniaessafar.com\/wp-content\/uploads\/2025\/06\/1-150x92.png 150w, https:\/\/douniaessafar.com\/wp-content\/uploads\/2025\/06\/1-700x431.png 700w, https:\/\/douniaessafar.com\/wp-content\/uploads\/2025\/06\/1-400x246.png 400w, https:\/\/douniaessafar.com\/wp-content\/uploads\/2025\/06\/1-768x473.png 768w\" sizes=\"(max-width: 1300px) 100vw, 1300px\" \/>\t\t\t\t\t\t\t\t\t\t\t\t\t\t\t\t\t\t<\/div>\n\t\t\t\t<\/div>\n\n\t\t\t\t<div class=\"wrapper-content-banner wd-fill wd-items-bottom wd-justify-left\">\n\t\t\t\t\t<div class=\"content-banner  text-left\">\n\t\t\t\t\t\t\n\t\t\t\t\t\t\t\t\t\t\t\t\t<h4 class=\"banner-title wd-fontsize-l\" data-elementor-setting-key=\"title\">\n\t\t\t\t\t\t\t\tH\u00f4tels En Alg\u00e9rie \t\t\t\t\t\t\t<\/h4>\n\t\t\t\t\t\t\n\t\t\t\t\t\t\n\t\t\t\t\t\t\n\t\t\t\t\t\t\t\t\t\t\t\t\t<div class=\"banner-btn-wrapper\">\n\t\t\t\t\t\t\t\t\t\t<div class=\"wd-button-wrapper text-left\" >\n\t\t\t<a class=\"btn btn-style-link btn-shape- btn-size-default btn-color-white btn-icon-pos-right\"  href=\"https:\/\/douniaessafar.com\/index.php\/hotel-en-algerie\/\">\n\t\t\t\t<span class=\"wd-btn-text\" data-elementor-setting-key=\"text\">\n\t\t\t\t\tEn savoir plus\t\t\t\t<\/span>\n\n\t\t\t\t\t\t\t<\/a>\n\t\t<\/div>\n\t\t\t\t\t\t\t\t\t<\/div>\n\t\t\t\t\t\t\t\t\t\t\t<\/div>\n\t\t\t\t<\/div>\n\n\t\t\t\t\t\t\t\t\t<a href=\"https:\/\/douniaessafar.com\/index.php\/hotel-en-algerie\/\" class=\"wd-promo-banner-link wd-fill\" aria-label=\"Banner link\"><\/a>\n\t\t\t\t\t\t\t<\/div>\n\t\t<\/div>\n\t\t\t\t\t\t<\/div>\n\t\t\t\t<\/div>\n\t\t\t\t<div class=\"elementor-element elementor-element-d28b6b4 elementor-widget-mobile__width-inherit elementor-widget elementor-widget-wd_banner\" data-id=\"d28b6b4\" data-element_type=\"widget\" data-e-type=\"widget\" data-widget_type=\"wd_banner.default\">\n\t\t\t\t<div class=\"elementor-widget-container\">\n\t\t\t\t\t\t\t<div class=\"promo-banner-wrapper\">\n\t\t\t<div class=\"promo-banner banner-default banner-hover-zoom color-scheme-light banner-btn-size-default banner-btn-style-link with-btn banner-btn-position-hover wd-with-link\">\n\t\t\t\t<div class=\"main-wrapp-img\">\n\t\t\t\t\t<div class=\"banner-image wd-without-height\">\n\t\t\t\t\t\t\t\t\t\t\t\t\t\t\t\t\t\t\t\t\t<img decoding=\"async\" width=\"1300\" height=\"800\" data-src=\"https:\/\/douniaessafar.com\/wp-content\/uploads\/2025\/06\/2.png\" class=\"attachment-large size-large lazyload\" alt=\"\" data-srcset=\"https:\/\/douniaessafar.com\/wp-content\/uploads\/2025\/06\/2.png 1300w, https:\/\/douniaessafar.com\/wp-content\/uploads\/2025\/06\/2-430x265.png 430w, https:\/\/douniaessafar.com\/wp-content\/uploads\/2025\/06\/2-150x92.png 150w, https:\/\/douniaessafar.com\/wp-content\/uploads\/2025\/06\/2-700x431.png 700w, https:\/\/douniaessafar.com\/wp-content\/uploads\/2025\/06\/2-400x246.png 400w, https:\/\/douniaessafar.com\/wp-content\/uploads\/2025\/06\/2-768x473.png 768w\" data-sizes=\"(max-width: 1300px) 100vw, 1300px\" src=\"data:image\/svg+xml;base64,PHN2ZyB3aWR0aD0iMSIgaGVpZ2h0PSIxIiB4bWxucz0iaHR0cDovL3d3dy53My5vcmcvMjAwMC9zdmciPjwvc3ZnPg==\" style=\"--smush-placeholder-width: 1300px; --smush-placeholder-aspect-ratio: 1300\/800;\" \/>\t\t\t\t\t\t\t\t\t\t\t\t\t\t\t\t\t\t<\/div>\n\t\t\t\t<\/div>\n\n\t\t\t\t<div class=\"wrapper-content-banner wd-fill wd-items-bottom wd-justify-left\">\n\t\t\t\t\t<div class=\"content-banner  text-left\">\n\t\t\t\t\t\t\n\t\t\t\t\t\t\t\t\t\t\t\t\t<h4 class=\"banner-title wd-fontsize-l\" data-elementor-setting-key=\"title\">\n\t\t\t\t\t\t\t\tH\u00f4tels International\t\t\t\t\t\t\t<\/h4>\n\t\t\t\t\t\t\n\t\t\t\t\t\t\n\t\t\t\t\t\t\n\t\t\t\t\t\t\t\t\t\t\t\t\t<div class=\"banner-btn-wrapper\">\n\t\t\t\t\t\t\t\t\t\t<div class=\"wd-button-wrapper text-left\" >\n\t\t\t<a class=\"btn btn-style-link btn-shape- btn-size-default btn-color-white btn-icon-pos-right\"  href=\"https:\/\/douniaessafar.com\/index.php\/hotel-international\/\">\n\t\t\t\t<span class=\"wd-btn-text\" data-elementor-setting-key=\"text\">\n\t\t\t\t\tEn Savoir Plus\t\t\t\t<\/span>\n\n\t\t\t\t\t\t\t<\/a>\n\t\t<\/div>\n\t\t\t\t\t\t\t\t\t<\/div>\n\t\t\t\t\t\t\t\t\t\t\t<\/div>\n\t\t\t\t<\/div>\n\n\t\t\t\t\t\t\t\t\t<a href=\"https:\/\/douniaessafar.com\/index.php\/hotel-international\/\" class=\"wd-promo-banner-link wd-fill\" aria-label=\"Banner link\"><\/a>\n\t\t\t\t\t\t\t<\/div>\n\t\t<\/div>\n\t\t\t\t\t\t<\/div>\n\t\t\t\t<\/div>\n\t\t\t\t\t<\/div>\n\t\t\t\t<\/div>\n\t\t\t\t<\/div>\n\t\t","protected":false},"excerpt":{"rendered":"<p>R\u00e9servez vos h\u00f4tels en toute confiance Explorez le monde ou red\u00e9couvrez l\u2019Alg\u00e9rie\u2026 votre h\u00f4tel vous attend ! Que vous r\u00eaviez<\/p>\n","protected":false},"author":1,"featured_media":0,"parent":0,"menu_order":0,"comment_status":"closed","ping_status":"closed","template":"","meta":{"footnotes":""},"class_list":["post-15692","page","type-page","status-publish","hentry"],"_links":{"self":[{"href":"https:\/\/douniaessafar.com\/index.php\/wp-json\/wp\/v2\/pages\/15692","targetHints":{"allow":["GET"]}}],"collection":[{"href":"https:\/\/douniaessafar.com\/index.php\/wp-json\/wp\/v2\/pages"}],"about":[{"href":"https:\/\/douniaessafar.com\/index.php\/wp-json\/wp\/v2\/types\/page"}],"author":[{"embeddable":true,"href":"https:\/\/douniaessafar.com\/index.php\/wp-json\/wp\/v2\/users\/1"}],"replies":[{"embeddable":true,"href":"https:\/\/douniaessafar.com\/index.php\/wp-json\/wp\/v2\/comments?post=15692"}],"version-history":[{"count":3,"href":"https:\/\/douniaessafar.com\/index.php\/wp-json\/wp\/v2\/pages\/15692\/revisions"}],"predecessor-version":[{"id":17141,"href":"https:\/\/douniaessafar.com\/index.php\/wp-json\/wp\/v2\/pages\/15692\/revisions\/17141"}],"wp:attachment":[{"href":"https:\/\/douniaessafar.com\/index.php\/wp-json\/wp\/v2\/media?parent=15692"}],"curies":[{"name":"wp","href":"https:\/\/api.w.org\/{rel}","templated":true}]}}