{"id":15693,"date":"2021-08-26T12:22:55","date_gmt":"2021-08-26T12:22:55","guid":{"rendered":"http:\/\/dummy.xtemos.com\/woodmart2\/elementor\/?page_id=51"},"modified":"2025-08-13T10:28:06","modified_gmt":"2025-08-13T09:28:06","slug":"hadj-omra","status":"publish","type":"page","link":"https:\/\/douniaessafar.com\/index.php\/hadj-omra\/","title":{"rendered":"Hadj et Omra"},"content":{"rendered":"\t\t<div data-elementor-type=\"wp-page\" data-elementor-id=\"15693\" class=\"elementor elementor-15693\">\n\t\t\t\t\t\t<section class=\"wd-negative-gap elementor-section elementor-top-section elementor-element elementor-element-d21dd58 elementor-section-boxed elementor-section-height-default elementor-section-height-default wpr-particle-no wpr-jarallax-no wpr-parallax-no wpr-sticky-section-no wpr-equal-height-no\" data-id=\"d21dd58\" data-element_type=\"section\" data-e-type=\"section\">\n\t\t\t\t\t\t<div class=\"elementor-container elementor-column-gap-wide\">\n\t\t\t\t\t<div class=\"elementor-column elementor-col-50 elementor-top-column elementor-element elementor-element-2c80888\" data-id=\"2c80888\" data-element_type=\"column\" data-e-type=\"column\">\n\t\t\t<div class=\"elementor-widget-wrap elementor-element-populated\">\n\t\t\t\t\t\t<div class=\"elementor-element elementor-element-b49f498 wpr-grid-slider-columns-1 wpr-grid-slider-columns--tablet2 wpr-grid-slider-columns--mobile1 wpr-grid-slider-dots-horizontal wpr-item-styles-inner elementor-widget elementor-widget-wpr-grid\" data-id=\"b49f498\" data-element_type=\"widget\" data-e-type=\"widget\" data-settings=\"{&quot;layout_slider_amount&quot;:&quot;1&quot;,&quot;layout_slider_amount_tablet&quot;:2,&quot;layout_slider_amount_mobile&quot;:1,&quot;layout_slides_to_scroll&quot;:1,&quot;layout_slider_loop&quot;:&quot;yes&quot;}\" data-widget_type=\"wpr-grid.default\">\n\t\t\t\t<div class=\"elementor-widget-container\">\n\t\t\t\t\t<h2>No Posts Found!<\/h2>\t\t\t\t<\/div>\n\t\t\t\t<\/div>\n\t\t\t\t\t<\/div>\n\t\t<\/div>\n\t\t\t\t<div class=\"elementor-column elementor-col-50 elementor-top-column elementor-element elementor-element-7dec136\" data-id=\"7dec136\" data-element_type=\"column\" data-e-type=\"column\">\n\t\t\t<div class=\"elementor-widget-wrap elementor-element-populated\">\n\t\t\t\t\t\t<div class=\"elementor-element elementor-element-876b2c3 elementor-widget elementor-widget-heading\" data-id=\"876b2c3\" data-element_type=\"widget\" data-e-type=\"widget\" data-widget_type=\"heading.default\">\n\t\t\t\t<div class=\"elementor-widget-container\">\n\t\t\t\t\t<h2 class=\"elementor-heading-title elementor-size-default\">Partez en toute s\u00e9r\u00e9nit\u00e9 pour le Hadj ou l\u2019Omra<\/h2>\t\t\t\t<\/div>\n\t\t\t\t<\/div>\n\t\t\t\t<div class=\"elementor-element elementor-element-858226f elementor-widget-divider--view-line elementor-widget elementor-widget-divider\" data-id=\"858226f\" data-element_type=\"widget\" data-e-type=\"widget\" data-widget_type=\"divider.default\">\n\t\t\t\t<div class=\"elementor-widget-container\">\n\t\t\t\t\t\t\t<div class=\"elementor-divider\">\n\t\t\t<span class=\"elementor-divider-separator\">\n\t\t\t\t\t\t<\/span>\n\t\t<\/div>\n\t\t\t\t\t\t<\/div>\n\t\t\t\t<\/div>\n\t\t\t\t<div class=\"elementor-element elementor-element-da5b21b color-scheme-inherit text-left elementor-widget elementor-widget-text-editor\" data-id=\"da5b21b\" data-element_type=\"widget\" data-e-type=\"widget\" data-widget_type=\"text-editor.default\">\n\t\t\t\t<div class=\"elementor-widget-container\">\n\t\t\t\t\t\t\t\t\t<p class=\"\" data-start=\"155\" data-end=\"339\">Offrez-vous l\u2019opportunit\u00e9 d\u2019accomplir l\u2019un des plus grands actes de foi en toute tranquillit\u00e9. Que ce soit pour le Hadj ou pour l\u2019Omra, nous mettons \u00e0 votre disposition une organisation rigoureuse, des h\u00e9bergements de qualit\u00e9 proches des lieux saints, un accompagnement religieux exp\u00e9riment\u00e9, et un suivi personnalis\u00e9 \u00e0 chaque \u00e9tape. Rejoignez des centaines de p\u00e8lerins qui nous ont d\u00e9j\u00e0 fait confiance pour vivre ce moment unique dans les meilleures conditions spirituelles, mat\u00e9rielles et humaines.<\/p>\t\t\t\t\t\t\t\t<\/div>\n\t\t\t\t<\/div>\n\t\t\t\t<div class=\"elementor-element elementor-element-0e3e34c elementor-align-left banner-promo elementor-widget elementor-widget-button\" data-id=\"0e3e34c\" data-element_type=\"widget\" data-e-type=\"widget\" data-widget_type=\"button.default\">\n\t\t\t\t<div class=\"elementor-widget-container\">\n\t\t\t\t\t\t\t\t\t<div class=\"elementor-button-wrapper\">\n\t\t\t\t\t<a class=\"elementor-button elementor-button-link elementor-size-sm\" href=\"#\">\n\t\t\t\t\t\t<span class=\"elementor-button-content-wrapper\">\n\t\t\t\t\t\t\t\t\t<span class=\"elementor-button-text\">Remplir le formulaire de pr\u00e9-inscription<\/span>\n\t\t\t\t\t<\/span>\n\t\t\t\t\t<\/a>\n\t\t\t\t<\/div>\n\t\t\t\t\t\t\t\t<\/div>\n\t\t\t\t<\/div>\n\t\t\t\t\t<\/div>\n\t\t<\/div>\n\t\t\t\t\t<\/div>\n\t\t<\/section>\n\t\t<div class=\"wd-negative-gap elementor-element elementor-element-bfafdd2 e-flex e-con-boxed wpr-particle-no wpr-jarallax-no wpr-parallax-no wpr-sticky-section-no wpr-equal-height-no e-con e-parent\" data-id=\"bfafdd2\" data-element_type=\"container\" data-e-type=\"container\">\n\t\t\t\t\t<div class=\"e-con-inner\">\n\t\t\t\t<div class=\"elementor-element elementor-element-42954bb elementor-widget elementor-widget-html\" data-id=\"42954bb\" data-element_type=\"widget\" data-e-type=\"widget\" data-widget_type=\"html.default\">\n\t\t\t\t<div class=\"elementor-widget-container\">\n\t\t\t\t\t<!-- POP-UP DU FORMULAIRE -->\r\n<div id=\"popup-form\" style=\"display:none; position:fixed; top:50%; left:50%; transform:translate(-50%, -50%); background:white; padding:20px; z-index:1000; box-shadow:0 0 20px rgba(0,0,0,0.4); max-width:600px; width:90%; max-height:80vh; overflow-y:auto; border-radius:8px;\">\r\n  <span id=\"close-popup\" style=\"position:absolute; top:10px; right:15px; font-size:24px; font-weight:bold; cursor:pointer;\">&times;<\/span>\r\n  \r\n  <!-- Ton shortcode Contact Form 7 -->\r\n\n<div class=\"wpcf7 no-js\" id=\"wpcf7-f16949-o1\" lang=\"fr-FR\" dir=\"ltr\" data-wpcf7-id=\"16949\">\n<div class=\"screen-reader-response\"><p role=\"status\" aria-live=\"polite\" aria-atomic=\"true\"><\/p> <ul><\/ul><\/div>\n<form action=\"\/index.php\/wp-json\/wp\/v2\/pages\/15693#wpcf7-f16949-o1\" method=\"post\" class=\"wpcf7-form init\" aria-label=\"Formulaire de contact\" novalidate=\"novalidate\" data-status=\"init\">\n<fieldset class=\"hidden-fields-container\"><input type=\"hidden\" name=\"_wpcf7\" value=\"16949\" \/><input type=\"hidden\" name=\"_wpcf7_version\" value=\"6.1.5\" \/><input type=\"hidden\" name=\"_wpcf7_locale\" value=\"fr_FR\" \/><input type=\"hidden\" name=\"_wpcf7_unit_tag\" value=\"wpcf7-f16949-o1\" \/><input type=\"hidden\" name=\"_wpcf7_container_post\" value=\"0\" \/><input type=\"hidden\" name=\"_wpcf7_posted_data_hash\" value=\"\" \/>\n<\/fieldset>\n<h3>Informations sur le p\u00e8lerinage\n<\/h3>\n<p><label>Type de p\u00e8lerinage<br \/>\n<span class=\"wpcf7-form-control-wrap\" data-name=\"type-pelerinage\"><select class=\"wpcf7-form-control wpcf7-select\" aria-invalid=\"false\" name=\"type-pelerinage\"><option value=\"\">&#8212;Veuillez choisir une option&#8212;<\/option><option value=\"Hadj\">Hadj<\/option><option value=\"Omra\">Omra<\/option><\/select><\/span><br \/>\n<\/label>\n<\/p>\n<p><label>Ville de d\u00e9part souhait\u00e9e<br \/>\n<span class=\"wpcf7-form-control-wrap\" data-name=\"ville-depart\"><input size=\"40\" maxlength=\"400\" class=\"wpcf7-form-control wpcf7-text\" aria-invalid=\"false\" placeholder=\"Ex : Casablanca, Paris\" value=\"\" type=\"text\" name=\"ville-depart\" \/><\/span><br \/>\n<\/label>\n<\/p>\n<p><label>Date de d\u00e9part souhait\u00e9e<br \/>\n<span class=\"wpcf7-form-control-wrap\" data-name=\"date-depart\"><input class=\"wpcf7-form-control wpcf7-date wpcf7-validates-as-date\" aria-invalid=\"false\" value=\"\" type=\"date\" name=\"date-depart\" \/><\/span><br \/>\n<\/label>\n<\/p>\n<p><label>Dur\u00e9e du s\u00e9jour souhait\u00e9e (en jours)<br \/>\n<span class=\"wpcf7-form-control-wrap\" data-name=\"duree\"><input class=\"wpcf7-form-control wpcf7-number wpcf7-validates-as-number\" min=\"7\" max=\"30\" aria-invalid=\"false\" placeholder=\"Ex : 10\" value=\"\" type=\"number\" name=\"duree\" \/><\/span><br \/>\n<\/label>\n<\/p>\n<p><label>Date de retour souhait\u00e9e<br \/>\n<span class=\"wpcf7-form-control-wrap\" data-name=\"date-retour\"><input class=\"wpcf7-form-control wpcf7-date wpcf7-validates-as-date\" aria-invalid=\"false\" value=\"\" type=\"date\" name=\"date-retour\" \/><\/span><br \/>\n<\/label>\n<\/p>\n<p><label>Type de chambre souhait\u00e9e<br \/>\n<span class=\"wpcf7-form-control-wrap\" data-name=\"type-chambre\"><select class=\"wpcf7-form-control wpcf7-select\" aria-invalid=\"false\" name=\"type-chambre\"><option value=\"\">&#8212;Veuillez choisir une option&#8212;<\/option><option value=\"Double\">Double<\/option><option value=\"Triple\">Triple<\/option><option value=\"Single\">Single<\/option><\/select><\/span><br \/>\n<\/label>\n<\/p>\n<hr \/>\n<h3>Informations personnelles\n<\/h3>\n<p><label>Nom (comme sur le passeport)<br \/>\n<span class=\"wpcf7-form-control-wrap\" data-name=\"nom\"><input size=\"40\" maxlength=\"400\" class=\"wpcf7-form-control wpcf7-text\" aria-invalid=\"false\" value=\"\" type=\"text\" name=\"nom\" \/><\/span><br \/>\n<\/label>\n<\/p>\n<p><label>Pr\u00e9nom (comme sur le passeport)<br \/>\n<span class=\"wpcf7-form-control-wrap\" data-name=\"prenom\"><input size=\"40\" maxlength=\"400\" class=\"wpcf7-form-control wpcf7-text\" aria-invalid=\"false\" value=\"\" type=\"text\" name=\"prenom\" \/><\/span><br \/>\n<\/label>\n<\/p>\n<p><label>Sexe<br \/>\n<span class=\"wpcf7-form-control-wrap\" data-name=\"sexe\"><select class=\"wpcf7-form-control wpcf7-select\" aria-invalid=\"false\" name=\"sexe\"><option value=\"\">&#8212;Veuillez choisir une option&#8212;<\/option><option value=\"Homme\">Homme<\/option><option value=\"Femme\">Femme<\/option><\/select><\/span><br \/>\n<\/label>\n<\/p>\n<p><label>Date de naissance<br \/>\n<span class=\"wpcf7-form-control-wrap\" data-name=\"date-naissance\"><input class=\"wpcf7-form-control wpcf7-date wpcf7-validates-as-date\" aria-invalid=\"false\" value=\"\" type=\"date\" name=\"date-naissance\" \/><\/span><br \/>\n<\/label>\n<\/p>\n<p><label>Nationalit\u00e9<br \/>\n<span class=\"wpcf7-form-control-wrap\" data-name=\"nationalite\"><input size=\"40\" maxlength=\"400\" class=\"wpcf7-form-control wpcf7-text\" aria-invalid=\"false\" value=\"\" type=\"text\" name=\"nationalite\" \/><\/span><br \/>\n<\/label>\n<\/p>\n<p><label>Num\u00e9ro du passeport<br \/>\n<span class=\"wpcf7-form-control-wrap\" data-name=\"numero-passeport\"><input size=\"40\" maxlength=\"400\" class=\"wpcf7-form-control wpcf7-text\" aria-invalid=\"false\" value=\"\" type=\"text\" name=\"numero-passeport\" \/><\/span><br \/>\n<\/label>\n<\/p>\n<p><label>Date d\u2019expiration du passeport<br \/>\n<span class=\"wpcf7-form-control-wrap\" data-name=\"expiration-passeport\"><input class=\"wpcf7-form-control wpcf7-date wpcf7-validates-as-date\" aria-invalid=\"false\" value=\"\" type=\"date\" name=\"expiration-passeport\" \/><\/span><br \/>\n<\/label>\n<\/p>\n<hr \/>\n<h3>Coordonn\u00e9es du voyageur\n<\/h3>\n<p><label>T\u00e9l\u00e9phone principal (WhatsApp si possible)<br \/>\n<span class=\"wpcf7-form-control-wrap\" data-name=\"telephone\"><input size=\"40\" maxlength=\"400\" class=\"wpcf7-form-control wpcf7-tel wpcf7-text wpcf7-validates-as-tel\" aria-invalid=\"false\" value=\"\" type=\"tel\" name=\"telephone\" \/><\/span><br \/>\n<\/label>\n<\/p>\n<p><label>Adresse e-mail *<br \/>\n<span class=\"wpcf7-form-control-wrap\" data-name=\"email\"><input size=\"40\" maxlength=\"400\" class=\"wpcf7-form-control wpcf7-email wpcf7-validates-as-required wpcf7-text wpcf7-validates-as-email\" aria-required=\"true\" aria-invalid=\"false\" value=\"\" type=\"email\" name=\"email\" \/><\/span><br \/>\n<\/label>\n<\/p>\n<p><label>Adresse postale compl\u00e8te<br \/>\n<span class=\"wpcf7-form-control-wrap\" data-name=\"adresse\"><textarea cols=\"40\" rows=\"3\" maxlength=\"2000\" class=\"wpcf7-form-control wpcf7-textarea\" aria-invalid=\"false\" placeholder=\"Rue, ville, code postal, pays\" name=\"adresse\"><\/textarea><\/span><br \/>\n<\/label>\n<\/p>\n<hr \/>\n<h3>Informations compl\u00e9mentaires\n<\/h3>\n<p><label>Souhaitez-vous voyager avec un proche ? Si oui, indiquez son nom :<br \/>\n<span class=\"wpcf7-form-control-wrap\" data-name=\"accompagnant\"><input size=\"40\" maxlength=\"400\" class=\"wpcf7-form-control wpcf7-text\" aria-invalid=\"false\" value=\"\" type=\"text\" name=\"accompagnant\" \/><\/span><br \/>\n<\/label>\n<\/p>\n<p><label>Remarques ou besoins sp\u00e9cifiques :<br \/>\n<span class=\"wpcf7-form-control-wrap\" data-name=\"commentaire\"><textarea cols=\"40\" rows=\"4\" maxlength=\"2000\" class=\"wpcf7-form-control wpcf7-textarea\" aria-invalid=\"false\" placeholder=\"Ex : besoin d\u2019assistance, r\u00e9gime alimentaire, sant\u00e9, etc.\" name=\"commentaire\"><\/textarea><\/span><br \/>\n<\/label>\n<\/p>\n<p><input class=\"wpcf7-form-control wpcf7-submit has-spinner\" type=\"submit\" value=\"Envoyer ma demande de pr\u00e9-inscription\" \/>\n<\/p><p style=\"display: none !important;\" class=\"akismet-fields-container\" data-prefix=\"_wpcf7_ak_\"><label>&#916;<textarea name=\"_wpcf7_ak_hp_textarea\" cols=\"45\" rows=\"8\" maxlength=\"100\"><\/textarea><\/label><input type=\"hidden\" id=\"ak_js_1\" name=\"_wpcf7_ak_js\" value=\"112\"\/><script>document.getElementById( \"ak_js_1\" ).setAttribute( \"value\", ( new Date() ).getTime() );<\/script><\/p><div class=\"wpcf7-response-output\" aria-hidden=\"true\"><\/div>\n<\/form>\n<\/div>\n\r\n<\/div>\r\n\r\n<!-- OVERLAY SOMBRE -->\r\n<div id=\"overlay\" style=\"display:none; position:fixed; top:0; left:0; width:100%; height:100%; background:rgba(0,0,0,0.5); z-index:999;\"><\/div>\r\n\r\n<script>\r\n  \/\/ Fonction pour bloquer\/d\u00e9bloquer le scroll du body\r\n  function toggleBodyScroll(enable) {\r\n    document.body.style.overflow = enable ? 'auto' : 'hidden';\r\n  }\r\n\r\n  \/\/ Ouvrir la pop-up au clic sur n'importe quelle banni\u00e8re avec la classe \"banner-promo\"\r\n  document.querySelectorAll('.banner-promo').forEach(function(banner) {\r\n    banner.addEventListener('click', function() {\r\n      document.getElementById(\"popup-form\").style.display = \"block\";\r\n      document.getElementById(\"overlay\").style.display = \"block\";\r\n      toggleBodyScroll(false);\r\n    });\r\n  });\r\n\r\n  \/\/ Fermer la pop-up au clic sur la croix\r\n  document.getElementById(\"close-popup\").onclick = function() {\r\n    document.getElementById(\"popup-form\").style.display = \"none\";\r\n    document.getElementById(\"overlay\").style.display = \"none\";\r\n    toggleBodyScroll(true);\r\n  };\r\n\r\n  \/\/ Fermer la pop-up au clic sur l'overlay sombre\r\n  document.getElementById(\"overlay\").onclick = function() {\r\n    document.getElementById(\"popup-form\").style.display = \"none\";\r\n    document.getElementById(\"overlay\").style.display = \"none\";\r\n    toggleBodyScroll(true);\r\n  };\r\n<\/script>\r\n\t\t\t\t<\/div>\n\t\t\t\t<\/div>\n\t\t\t\t\t<\/div>\n\t\t\t\t<\/div>\n\t\t\t\t<\/div>\n\t\t","protected":false},"excerpt":{"rendered":"<p>omra d\u00e9part 30 aout 3 ao\u00fbt 2025\/En Savoir Plus \u00a0 Partez en toute s\u00e9r\u00e9nit\u00e9 pour le Hadj ou l\u2019Omra Offrez-vous<\/p>\n","protected":false},"author":1,"featured_media":0,"parent":0,"menu_order":0,"comment_status":"closed","ping_status":"closed","template":"","meta":{"footnotes":""},"class_list":["post-15693","page","type-page","status-publish","hentry"],"_links":{"self":[{"href":"https:\/\/douniaessafar.com\/index.php\/wp-json\/wp\/v2\/pages\/15693","targetHints":{"allow":["GET"]}}],"collection":[{"href":"https:\/\/douniaessafar.com\/index.php\/wp-json\/wp\/v2\/pages"}],"about":[{"href":"https:\/\/douniaessafar.com\/index.php\/wp-json\/wp\/v2\/types\/page"}],"author":[{"embeddable":true,"href":"https:\/\/douniaessafar.com\/index.php\/wp-json\/wp\/v2\/users\/1"}],"replies":[{"embeddable":true,"href":"https:\/\/douniaessafar.com\/index.php\/wp-json\/wp\/v2\/comments?post=15693"}],"version-history":[{"count":20,"href":"https:\/\/douniaessafar.com\/index.php\/wp-json\/wp\/v2\/pages\/15693\/revisions"}],"predecessor-version":[{"id":17355,"href":"https:\/\/douniaessafar.com\/index.php\/wp-json\/wp\/v2\/pages\/15693\/revisions\/17355"}],"wp:attachment":[{"href":"https:\/\/douniaessafar.com\/index.php\/wp-json\/wp\/v2\/media?parent=15693"}],"curies":[{"name":"wp","href":"https:\/\/api.w.org\/{rel}","templated":true}]}}