{"id":15787,"date":"2025-04-30T16:35:01","date_gmt":"2025-04-30T14:35:01","guid":{"rendered":"http:\/\/localhost:8081\/DouniaEssafar\/?page_id=15787"},"modified":"2025-06-01T15:57:37","modified_gmt":"2025-06-01T13:57:37","slug":"nouris-elbahr-ferries","status":"publish","type":"page","link":"https:\/\/douniaessafar.com\/index.php\/nouris-elbahr-ferries\/","title":{"rendered":"NOURIS ELBAHR FERRIES"},"content":{"rendered":"\t\t<div data-elementor-type=\"wp-page\" data-elementor-id=\"15787\" class=\"elementor elementor-15787\">\n\t\t\t\t\t\t<section class=\"wd-negative-gap elementor-section elementor-top-section elementor-element elementor-element-91b8b66 elementor-section-boxed elementor-section-height-default elementor-section-height-default wpr-particle-no wpr-jarallax-no wpr-parallax-no wpr-sticky-section-no wpr-equal-height-no\" data-id=\"91b8b66\" data-element_type=\"section\" data-e-type=\"section\">\n\t\t\t\t\t\t<div class=\"elementor-container elementor-column-gap-wide\">\n\t\t\t\t\t<div class=\"elementor-column elementor-col-50 elementor-top-column elementor-element elementor-element-fbb7377\" data-id=\"fbb7377\" data-element_type=\"column\" data-e-type=\"column\">\n\t\t\t<div class=\"elementor-widget-wrap elementor-element-populated\">\n\t\t\t\t\t\t<div class=\"elementor-element elementor-element-e2312f1 elementor-widget elementor-widget-image\" data-id=\"e2312f1\" data-element_type=\"widget\" data-e-type=\"widget\" data-widget_type=\"image.default\">\n\t\t\t\t<div class=\"elementor-widget-container\">\n\t\t\t\t\t\t\t\t\t\t\t\t\t\t\t<img fetchpriority=\"high\" decoding=\"async\" width=\"1069\" height=\"800\" src=\"https:\/\/douniaessafar.com\/wp-content\/uploads\/2025\/06\/Nouris-Elbahr-Ferries-1069x800.webp\" class=\"attachment-large size-large wp-image-16653\" alt=\"\" srcset=\"https:\/\/douniaessafar.com\/wp-content\/uploads\/2025\/06\/Nouris-Elbahr-Ferries-1069x800.webp 1069w, https:\/\/douniaessafar.com\/wp-content\/uploads\/2025\/06\/Nouris-Elbahr-Ferries-430x322.webp 430w, https:\/\/douniaessafar.com\/wp-content\/uploads\/2025\/06\/Nouris-Elbahr-Ferries-150x112.webp 150w, https:\/\/douniaessafar.com\/wp-content\/uploads\/2025\/06\/Nouris-Elbahr-Ferries-700x524.webp 700w, https:\/\/douniaessafar.com\/wp-content\/uploads\/2025\/06\/Nouris-Elbahr-Ferries-400x300.webp 400w, https:\/\/douniaessafar.com\/wp-content\/uploads\/2025\/06\/Nouris-Elbahr-Ferries-768x575.webp 768w, https:\/\/douniaessafar.com\/wp-content\/uploads\/2025\/06\/Nouris-Elbahr-Ferries.webp 1136w\" sizes=\"(max-width: 1069px) 100vw, 1069px\" \/>\t\t\t\t\t\t\t\t\t\t\t\t\t\t\t<\/div>\n\t\t\t\t<\/div>\n\t\t\t\t\t<\/div>\n\t\t<\/div>\n\t\t\t\t<div class=\"elementor-column elementor-col-50 elementor-top-column elementor-element elementor-element-9d98a90\" data-id=\"9d98a90\" data-element_type=\"column\" data-e-type=\"column\">\n\t\t\t<div class=\"elementor-widget-wrap elementor-element-populated\">\n\t\t\t\t\t\t<div class=\"elementor-element elementor-element-3141309 elementor-widget elementor-widget-heading\" data-id=\"3141309\" data-element_type=\"widget\" data-e-type=\"widget\" data-widget_type=\"heading.default\">\n\t\t\t\t<div class=\"elementor-widget-container\">\n\t\t\t\t\t<h2 class=\"elementor-heading-title elementor-size-default\">R\u00e9servez votre travers\u00e9e avec Nouris ElBahr\n<\/h2>\t\t\t\t<\/div>\n\t\t\t\t<\/div>\n\t\t\t\t<div class=\"elementor-element elementor-element-87d4a05 elementor-widget-divider--view-line elementor-widget elementor-widget-divider\" data-id=\"87d4a05\" data-element_type=\"widget\" data-e-type=\"widget\" data-widget_type=\"divider.default\">\n\t\t\t\t<div class=\"elementor-widget-container\">\n\t\t\t\t\t\t\t<div class=\"elementor-divider\">\n\t\t\t<span class=\"elementor-divider-separator\">\n\t\t\t\t\t\t<\/span>\n\t\t<\/div>\n\t\t\t\t\t\t<\/div>\n\t\t\t\t<\/div>\n\t\t\t\t<div class=\"elementor-element elementor-element-124a114 color-scheme-inherit text-left elementor-widget elementor-widget-text-editor\" data-id=\"124a114\" data-element_type=\"widget\" data-e-type=\"widget\" data-widget_type=\"text-editor.default\">\n\t\t\t\t<div class=\"elementor-widget-container\">\n\t\t\t\t\t\t\t\t\t<p>Nouris ElBahr vous propose des travers\u00e9es fiables et confortables entre l&rsquo;Alg\u00e9rie et l\u2019Espagne. <br \/>Embarquez en toute s\u00e9r\u00e9nit\u00e9 gr\u00e2ce \u00e0 une \u00e9quipe professionnelle et une flotte moderne.<\/p>\t\t\t\t\t\t\t\t<\/div>\n\t\t\t\t<\/div>\n\t\t\t\t<div class=\"elementor-element elementor-element-e511a5b elementor-align-left banner-promo elementor-widget elementor-widget-button\" data-id=\"e511a5b\" data-element_type=\"widget\" data-e-type=\"widget\" data-widget_type=\"button.default\">\n\t\t\t\t<div class=\"elementor-widget-container\">\n\t\t\t\t\t\t\t\t\t<div class=\"elementor-button-wrapper\">\n\t\t\t\t\t<a class=\"elementor-button elementor-button-link elementor-size-sm\" href=\"#\">\n\t\t\t\t\t\t<span class=\"elementor-button-content-wrapper\">\n\t\t\t\t\t\t\t\t\t<span class=\"elementor-button-text\">R\u00e9servez d\u00e8s maintenant votre billet<\/span>\n\t\t\t\t\t<\/span>\n\t\t\t\t\t<\/a>\n\t\t\t\t<\/div>\n\t\t\t\t\t\t\t\t<\/div>\n\t\t\t\t<\/div>\n\t\t\t\t\t<\/div>\n\t\t<\/div>\n\t\t\t\t\t<\/div>\n\t\t<\/section>\n\t\t<div class=\"wd-negative-gap elementor-element elementor-element-3dcd253 e-flex e-con-boxed wpr-particle-no wpr-jarallax-no wpr-parallax-no wpr-sticky-section-no wpr-equal-height-no e-con e-parent\" data-id=\"3dcd253\" data-element_type=\"container\" data-e-type=\"container\">\n\t\t\t\t\t<div class=\"e-con-inner\">\n\t\t\t\t<div class=\"elementor-element elementor-element-3648293 elementor-widget elementor-widget-html\" data-id=\"3648293\" data-element_type=\"widget\" data-e-type=\"widget\" data-widget_type=\"html.default\">\n\t\t\t\t<div class=\"elementor-widget-container\">\n\t\t\t\t\t<!-- POP-UP DU FORMULAIRE -->\r\n<div id=\"popup-form\" style=\"display:none; position:fixed; top:50%; left:50%; transform:translate(-50%, -50%); background:white; padding:20px; z-index:1000; box-shadow:0 0 20px rgba(0,0,0,0.4); max-width:600px; width:90%; max-height:80vh; overflow-y:auto; border-radius:8px;\">\r\n  <span id=\"close-popup\" style=\"position:absolute; top:10px; right:15px; font-size:24px; font-weight:bold; cursor:pointer;\">&times;<\/span>\r\n  \r\n  <!-- Ton shortcode Contact Form 7 -->\r\n  \n<div class=\"wpcf7 no-js\" id=\"wpcf7-f16700-o1\" lang=\"fr-FR\" dir=\"ltr\" data-wpcf7-id=\"16700\">\n<div class=\"screen-reader-response\"><p role=\"status\" aria-live=\"polite\" aria-atomic=\"true\"><\/p> <ul><\/ul><\/div>\n<form action=\"\/index.php\/wp-json\/wp\/v2\/pages\/15787#wpcf7-f16700-o1\" method=\"post\" class=\"wpcf7-form init\" aria-label=\"Formulaire de contact\" novalidate=\"novalidate\" data-status=\"init\">\n<fieldset class=\"hidden-fields-container\"><input type=\"hidden\" name=\"_wpcf7\" value=\"16700\" \/><input type=\"hidden\" name=\"_wpcf7_version\" value=\"6.1.5\" \/><input type=\"hidden\" name=\"_wpcf7_locale\" value=\"fr_FR\" \/><input type=\"hidden\" name=\"_wpcf7_unit_tag\" value=\"wpcf7-f16700-o1\" \/><input type=\"hidden\" name=\"_wpcf7_container_post\" value=\"0\" \/><input type=\"hidden\" name=\"_wpcf7_posted_data_hash\" value=\"\" \/>\n<\/fieldset>\n<h3>R\u00e9servation Ferry \u2013 Nouris El Bahr\n<\/h3>\n<p><strong>Informations personnelles<\/strong>\n<\/p>\n<p>Nom complet (obligatoire)\n<\/p>\n<p><span class=\"wpcf7-form-control-wrap\" data-name=\"nom\"><input size=\"40\" maxlength=\"400\" class=\"wpcf7-form-control wpcf7-text wpcf7-validates-as-required\" aria-required=\"true\" aria-invalid=\"false\" value=\"\" type=\"text\" name=\"nom\" \/><\/span>\n<\/p>\n<p>T\u00e9l\u00e9phone (obligatoire)\n<\/p>\n<p><span class=\"wpcf7-form-control-wrap\" data-name=\"telephone\"><input size=\"40\" maxlength=\"400\" class=\"wpcf7-form-control wpcf7-tel wpcf7-validates-as-required wpcf7-text wpcf7-validates-as-tel\" aria-required=\"true\" aria-invalid=\"false\" value=\"\" type=\"tel\" name=\"telephone\" \/><\/span>\n<\/p>\n<p>Adresse e-mail (obligatoire)\n<\/p>\n<p><span class=\"wpcf7-form-control-wrap\" data-name=\"email\"><input size=\"40\" maxlength=\"400\" class=\"wpcf7-form-control wpcf7-email wpcf7-validates-as-required wpcf7-text wpcf7-validates-as-email\" aria-required=\"true\" aria-invalid=\"false\" value=\"\" type=\"email\" name=\"email\" \/><\/span>\n<\/p>\n<p>Type de pi\u00e8ce d\u2019identit\u00e9\n<\/p>\n<p><span class=\"wpcf7-form-control-wrap\" data-name=\"piece-identite\"><select class=\"wpcf7-form-control wpcf7-select\" aria-invalid=\"false\" name=\"piece-identite\"><option value=\"Passeport\">Passeport<\/option><\/select><\/span>\n<\/p>\n<p>Num\u00e9ro de la pi\u00e8ce d\u2019identit\u00e9\n<\/p>\n<p><span class=\"wpcf7-form-control-wrap\" data-name=\"num-identite\"><input size=\"40\" maxlength=\"400\" class=\"wpcf7-form-control wpcf7-text\" aria-invalid=\"false\" value=\"\" type=\"text\" name=\"num-identite\" \/><\/span>\n<\/p>\n<p>Nationalit\u00e9\n<\/p>\n<p><span class=\"wpcf7-form-control-wrap\" data-name=\"nationalite\"><input size=\"40\" maxlength=\"400\" class=\"wpcf7-form-control wpcf7-text\" aria-invalid=\"false\" value=\"\" type=\"text\" name=\"nationalite\" \/><\/span>\n<\/p>\n<p>Date de naissance\n<\/p>\n<p><span class=\"wpcf7-form-control-wrap\" data-name=\"naissance\"><input class=\"wpcf7-form-control wpcf7-date wpcf7-validates-as-date\" aria-invalid=\"false\" value=\"\" type=\"date\" name=\"naissance\" \/><\/span>\n<\/p>\n<p><strong>D\u00e9tails du voyage<\/strong>\n<\/p>\n<p>Compagnie\n<\/p>\n<p><span class=\"wpcf7-form-control-wrap\" data-name=\"Compagnie\"><select class=\"wpcf7-form-control wpcf7-select\" aria-invalid=\"false\" name=\"Compagnie\"><option value=\"Nouris ELBahr\">Nouris ELBahr<\/option><\/select><\/span>\n<\/p>\n<p>Port de d\u00e9part\n<\/p>\n<p><span class=\"wpcf7-form-control-wrap\" data-name=\"port-depart\"><input size=\"40\" maxlength=\"400\" class=\"wpcf7-form-control wpcf7-text\" aria-invalid=\"false\" value=\"\" type=\"text\" name=\"port-depart\" \/><\/span>\n<\/p>\n<p>Port d\u2019arriv\u00e9e\n<\/p>\n<p><span class=\"wpcf7-form-control-wrap\" data-name=\"port-arrivee\"><input size=\"40\" maxlength=\"400\" class=\"wpcf7-form-control wpcf7-text\" aria-invalid=\"false\" value=\"\" type=\"text\" name=\"port-arrivee\" \/><\/span>\n<\/p>\n<p>Date de d\u00e9part\n<\/p>\n<p><span class=\"wpcf7-form-control-wrap\" data-name=\"date-depart\"><input class=\"wpcf7-form-control wpcf7-date wpcf7-validates-as-date\" aria-invalid=\"false\" value=\"\" type=\"date\" name=\"date-depart\" \/><\/span>\n<\/p>\n<p>Heure de d\u00e9part (optionnel)\n<\/p>\n<p><span class=\"wpcf7-form-control-wrap\" data-name=\"heure-depart\"><input size=\"40\" maxlength=\"400\" class=\"wpcf7-form-control wpcf7-text\" aria-invalid=\"false\" value=\"\" type=\"text\" name=\"heure-depart\" \/><\/span>\n<\/p>\n<p>Souhaitez-vous un retour ?\n<\/p>\n<p><span class=\"wpcf7-form-control-wrap\" data-name=\"retour\"><span class=\"wpcf7-form-control wpcf7-radio\"><span class=\"wpcf7-list-item first\"><label><input type=\"radio\" name=\"retour\" value=\"Oui\" \/><span class=\"wpcf7-list-item-label\">Oui<\/span><\/label><\/span><span class=\"wpcf7-list-item last\"><label><input type=\"radio\" name=\"retour\" value=\"Non\" \/><span class=\"wpcf7-list-item-label\">Non<\/span><\/label><\/span><\/span><\/span>\n<\/p>\n<p>Date de retour (si aller-retour)\n<\/p>\n<p><span class=\"wpcf7-form-control-wrap\" data-name=\"date-retour\"><input class=\"wpcf7-form-control wpcf7-date wpcf7-validates-as-date\" aria-invalid=\"false\" value=\"\" type=\"date\" name=\"date-retour\" \/><\/span>\n<\/p>\n<p>Nombre de passagers adultes\n<\/p>\n<p><span class=\"wpcf7-form-control-wrap\" data-name=\"nb-adultes\"><input class=\"wpcf7-form-control wpcf7-number wpcf7-validates-as-number\" min=\"1\" aria-invalid=\"false\" value=\"\" type=\"number\" name=\"nb-adultes\" \/><\/span>\n<\/p>\n<p>Nombre d\u2019enfants\n<\/p>\n<p><span class=\"wpcf7-form-control-wrap\" data-name=\"nb-enfants\"><input class=\"wpcf7-form-control wpcf7-number wpcf7-validates-as-number\" min=\"0\" aria-invalid=\"false\" value=\"\" type=\"number\" name=\"nb-enfants\" \/><\/span>\n<\/p>\n<p>Nombre de b\u00e9b\u00e9s\n<\/p>\n<p><span class=\"wpcf7-form-control-wrap\" data-name=\"nb-bebes\"><input class=\"wpcf7-form-control wpcf7-number wpcf7-validates-as-number\" min=\"0\" aria-invalid=\"false\" value=\"\" type=\"number\" name=\"nb-bebes\" \/><\/span>\n<\/p>\n<p><strong>V\u00e9hicule \u00e0 bord<\/strong>\n<\/p>\n<p>Souhaitez-vous embarquer un v\u00e9hicule ?\n<\/p>\n<p><span class=\"wpcf7-form-control-wrap\" data-name=\"vehicule\"><span class=\"wpcf7-form-control wpcf7-radio\"><span class=\"wpcf7-list-item first\"><label><input type=\"radio\" name=\"vehicule\" value=\"Oui\" \/><span class=\"wpcf7-list-item-label\">Oui<\/span><\/label><\/span><span class=\"wpcf7-list-item last\"><label><input type=\"radio\" name=\"vehicule\" value=\"Non\" \/><span class=\"wpcf7-list-item-label\">Non<\/span><\/label><\/span><\/span><\/span>\n<\/p>\n<p>Type de v\u00e9hicule\n<\/p>\n<p><span class=\"wpcf7-form-control-wrap\" data-name=\"type-vehicule\"><select class=\"wpcf7-form-control wpcf7-select\" aria-invalid=\"false\" name=\"type-vehicule\"><option value=\"Voiture\">Voiture<\/option><option value=\"Moto\">Moto<\/option><option value=\"Camping-car\">Camping-car<\/option><option value=\"Autre\">Autre<\/option><\/select><\/span>\n<\/p>\n<p>Marque \/ Mod\u00e8le\n<\/p>\n<p><span class=\"wpcf7-form-control-wrap\" data-name=\"marque-modele\"><input size=\"40\" maxlength=\"400\" class=\"wpcf7-form-control wpcf7-text\" aria-invalid=\"false\" value=\"\" type=\"text\" name=\"marque-modele\" \/><\/span>\n<\/p>\n<p>Immatriculation\n<\/p>\n<p><span class=\"wpcf7-form-control-wrap\" data-name=\"immatriculation\"><input size=\"40\" maxlength=\"400\" class=\"wpcf7-form-control wpcf7-text\" aria-invalid=\"false\" value=\"\" type=\"text\" name=\"immatriculation\" \/><\/span>\n<\/p>\n<p><strong>Pr\u00e9f\u00e9rences<\/strong>\n<\/p>\n<p>Type de billet\n<\/p>\n<p><span class=\"wpcf7-form-control-wrap\" data-name=\"billet\"><select class=\"wpcf7-form-control wpcf7-select\" aria-invalid=\"false\" name=\"billet\"><option value=\"\u00c9conomique\">\u00c9conomique<\/option><option value=\"Cabine\">Cabine<\/option><option value=\"Business\">Business<\/option><\/select><\/span>\n<\/p>\n<p>Souhaits particuliers (facultatif)\n<\/p>\n<p><span class=\"wpcf7-form-control-wrap\" data-name=\"souhaits\"><textarea cols=\"40\" rows=\"10\" maxlength=\"2000\" class=\"wpcf7-form-control wpcf7-textarea\" aria-invalid=\"false\" name=\"souhaits\"><\/textarea><\/span>\n<\/p>\n<p><span class=\"wpcf7-form-control-wrap\" data-name=\"conditions\"><span class=\"wpcf7-form-control wpcf7-acceptance\"><span class=\"wpcf7-list-item\"><label><input type=\"checkbox\" name=\"conditions\" value=\"1\" aria-invalid=\"false\" \/><span class=\"wpcf7-list-item-label\">J\u2019accepte les conditions g\u00e9n\u00e9rales de r\u00e9servation.<\/span><\/label><\/span><\/span><\/span>\n<\/p>\n<p><input class=\"wpcf7-form-control wpcf7-submit has-spinner\" type=\"submit\" value=\"R\u00e9server maintenant\" \/>\n<\/p><p style=\"display: none !important;\" class=\"akismet-fields-container\" data-prefix=\"_wpcf7_ak_\"><label>&#916;<textarea name=\"_wpcf7_ak_hp_textarea\" cols=\"45\" rows=\"8\" maxlength=\"100\"><\/textarea><\/label><input type=\"hidden\" id=\"ak_js_1\" name=\"_wpcf7_ak_js\" value=\"114\"\/><script>document.getElementById( \"ak_js_1\" ).setAttribute( \"value\", ( new Date() ).getTime() );<\/script><\/p><div class=\"wpcf7-response-output\" aria-hidden=\"true\"><\/div>\n<\/form>\n<\/div>\n\r\n<\/div>\r\n\r\n<!-- OVERLAY SOMBRE -->\r\n<div id=\"overlay\" style=\"display:none; position:fixed; top:0; left:0; width:100%; height:100%; background:rgba(0,0,0,0.5); z-index:999;\"><\/div>\r\n\r\n<script>\r\n  \/\/ Fonction pour bloquer\/d\u00e9bloquer le scroll du body\r\n  function toggleBodyScroll(enable) {\r\n    document.body.style.overflow = enable ? 'auto' : 'hidden';\r\n  }\r\n\r\n  \/\/ Ouvrir la pop-up au clic sur n'importe quelle banni\u00e8re avec la classe \"banner-promo\"\r\n  document.querySelectorAll('.banner-promo').forEach(function(banner) {\r\n    banner.addEventListener('click', function() {\r\n      document.getElementById(\"popup-form\").style.display = \"block\";\r\n      document.getElementById(\"overlay\").style.display = \"block\";\r\n      toggleBodyScroll(false);\r\n    });\r\n  });\r\n\r\n  \/\/ Fermer la pop-up au clic sur la croix\r\n  document.getElementById(\"close-popup\").onclick = function() {\r\n    document.getElementById(\"popup-form\").style.display = \"none\";\r\n    document.getElementById(\"overlay\").style.display = \"none\";\r\n    toggleBodyScroll(true);\r\n  };\r\n\r\n  \/\/ Fermer la pop-up au clic sur l'overlay sombre\r\n  document.getElementById(\"overlay\").onclick = function() {\r\n    document.getElementById(\"popup-form\").style.display = \"none\";\r\n    document.getElementById(\"overlay\").style.display = \"none\";\r\n    toggleBodyScroll(true);\r\n  };\r\n<\/script>\r\n\t\t\t\t<\/div>\n\t\t\t\t<\/div>\n\t\t\t\t\t<\/div>\n\t\t\t\t<\/div>\n\t\t\t\t<\/div>\n\t\t","protected":false},"excerpt":{"rendered":"<p>R\u00e9servez votre travers\u00e9e avec Nouris ElBahr Nouris ElBahr vous propose des travers\u00e9es fiables et confortables entre l&rsquo;Alg\u00e9rie et l\u2019Espagne. Embarquez<\/p>\n","protected":false},"author":1,"featured_media":0,"parent":0,"menu_order":0,"comment_status":"closed","ping_status":"closed","template":"","meta":{"footnotes":""},"class_list":["post-15787","page","type-page","status-publish","hentry"],"_links":{"self":[{"href":"https:\/\/douniaessafar.com\/index.php\/wp-json\/wp\/v2\/pages\/15787","targetHints":{"allow":["GET"]}}],"collection":[{"href":"https:\/\/douniaessafar.com\/index.php\/wp-json\/wp\/v2\/pages"}],"about":[{"href":"https:\/\/douniaessafar.com\/index.php\/wp-json\/wp\/v2\/types\/page"}],"author":[{"embeddable":true,"href":"https:\/\/douniaessafar.com\/index.php\/wp-json\/wp\/v2\/users\/1"}],"replies":[{"embeddable":true,"href":"https:\/\/douniaessafar.com\/index.php\/wp-json\/wp\/v2\/comments?post=15787"}],"version-history":[{"count":0,"href":"https:\/\/douniaessafar.com\/index.php\/wp-json\/wp\/v2\/pages\/15787\/revisions"}],"wp:attachment":[{"href":"https:\/\/douniaessafar.com\/index.php\/wp-json\/wp\/v2\/media?parent=15787"}],"curies":[{"name":"wp","href":"https:\/\/api.w.org\/{rel}","templated":true}]}}