{"id":4400,"date":"2021-10-12T15:51:09","date_gmt":"2021-10-12T15:51:09","guid":{"rendered":"http:\/\/dummy.xtemos.com\/woodmart2\/elementor\/?page_id=4400"},"modified":"2025-07-29T12:21:56","modified_gmt":"2025-07-29T11:21:56","slug":"about-us-3","status":"publish","type":"page","link":"https:\/\/douniaessafar.com\/index.php\/about-us-3\/","title":{"rendered":"Qui Somme Nous ?"},"content":{"rendered":"\t\t<div data-elementor-type=\"wp-page\" data-elementor-id=\"4400\" class=\"elementor elementor-4400\">\n\t\t\t\t\t\t<section class=\"wd-negative-gap elementor-section elementor-top-section elementor-element elementor-element-30c0e310 elementor-section-boxed elementor-section-height-default elementor-section-height-default wpr-particle-no wpr-jarallax-no wpr-parallax-no wpr-sticky-section-no wpr-equal-height-no\" data-id=\"30c0e310\" data-element_type=\"section\" data-e-type=\"section\" data-settings=\"{&quot;background_background&quot;:&quot;classic&quot;}\">\n\t\t\t\t\t\t\t<div class=\"elementor-background-overlay\"><\/div>\n\t\t\t\t\t\t\t<div class=\"elementor-container elementor-column-gap-default\">\n\t\t\t\t\t<div class=\"elementor-column elementor-col-100 elementor-top-column elementor-element elementor-element-4e7e5d6e\" data-id=\"4e7e5d6e\" data-element_type=\"column\" data-e-type=\"column\">\n\t\t\t<div class=\"elementor-widget-wrap elementor-element-populated\">\n\t\t\t\t\t\t<div class=\"elementor-element elementor-element-99d5688 elementor-widget elementor-widget-heading\" data-id=\"99d5688\" data-element_type=\"widget\" data-e-type=\"widget\" data-widget_type=\"heading.default\">\n\t\t\t\t<div class=\"elementor-widget-container\">\n\t\t\t\t\t<h2 class=\"elementor-heading-title elementor-size-default\">Qui Somme Nous ?<\/h2>\t\t\t\t<\/div>\n\t\t\t\t<\/div>\n\t\t\t\t\t<\/div>\n\t\t<\/div>\n\t\t\t\t\t<\/div>\n\t\t<\/section>\n\t\t\t\t<section class=\"wd-negative-gap elementor-section elementor-top-section elementor-element elementor-element-29896e62 elementor-section-boxed elementor-section-height-default elementor-section-height-default wpr-particle-no wpr-jarallax-no wpr-parallax-no wpr-sticky-section-no wpr-equal-height-no\" data-id=\"29896e62\" data-element_type=\"section\" data-e-type=\"section\">\n\t\t\t\t\t\t<div class=\"elementor-container elementor-column-gap-default\">\n\t\t\t\t\t<div class=\"elementor-column elementor-col-50 elementor-top-column elementor-element elementor-element-596e5496\" data-id=\"596e5496\" data-element_type=\"column\" data-e-type=\"column\">\n\t\t\t<div class=\"elementor-widget-wrap elementor-element-populated\">\n\t\t\t\t\t\t<div class=\"elementor-element elementor-element-7513175e color-scheme-inherit text-left elementor-widget elementor-widget-text-editor\" data-id=\"7513175e\" data-element_type=\"widget\" data-e-type=\"widget\" data-widget_type=\"text-editor.default\">\n\t\t\t\t<div class=\"elementor-widget-container\">\n\t\t\t\t\t\t\t\t\t<p class=\"\" data-start=\"816\" data-end=\"1087\"><strong data-start=\"816\" data-end=\"837\">DOUNIA ESSAFAR<\/strong>, C\u2019est une agence touristique fond\u00e9e en 1991, forte de plus de 30 ans d\u2019exp\u00e9rience dans le domaine du voyage et du tourisme. Gr\u00e2ce \u00e0 notre expertise et \u00e0 notre passion pour le service, nous accompagnons nos clients dans tous leurs projets de voyage, en leur proposant des prestations compl\u00e8tes, sur mesure et de qualit\u00e9.<\/p><p class=\"\" data-start=\"1089\" data-end=\"1350\">Nous intervenons aussi bien au niveau national qu\u2019international, en proposant une offre diversifi\u00e9e comprenant le Hadj et l\u2019Omra, des voyages organis\u00e9s en groupe ou en individuel, la r\u00e9servation de billets d\u2019avion, d\u2019h\u00f4tels et de moyens de transport, ainsi qu\u2019une couverture compl\u00e8te en assurance voyage avec assistance 24h\/24 et 7j\/7. Nous offrons \u00e9galement des services pour les voyages de groupe, les voyages incentives, ainsi que le tourisme m\u00e9dical.<\/p>\t\t\t\t\t\t\t\t<\/div>\n\t\t\t\t<\/div>\n\t\t\t\t\t<\/div>\n\t\t<\/div>\n\t\t\t\t<div class=\"elementor-column elementor-col-50 elementor-top-column elementor-element elementor-element-28efa686\" data-id=\"28efa686\" data-element_type=\"column\" data-e-type=\"column\">\n\t\t\t<div class=\"elementor-widget-wrap elementor-element-populated\">\n\t\t\t\t\t\t<div class=\"elementor-element elementor-element-73814446 elementor-widget elementor-widget-image\" data-id=\"73814446\" data-element_type=\"widget\" data-e-type=\"widget\" data-widget_type=\"image.default\">\n\t\t\t\t<div class=\"elementor-widget-container\">\n\t\t\t\t\t\t\t\t\t\t\t\t\t\t\t<img fetchpriority=\"high\" decoding=\"async\" width=\"1231\" height=\"800\" src=\"http:\/\/douniaessafar.com\/wp-content\/uploads\/2025\/05\/3-1-1231x800.png\" class=\"attachment-large size-large wp-image-16132\" alt=\"\" srcset=\"http:\/\/douniaessafar.com\/wp-content\/uploads\/2025\/05\/3-1-1231x800.png 1231w, http:\/\/douniaessafar.com\/wp-content\/uploads\/2025\/05\/3-1-430x280.png 430w, http:\/\/douniaessafar.com\/wp-content\/uploads\/2025\/05\/3-1-150x98.png 150w, http:\/\/douniaessafar.com\/wp-content\/uploads\/2025\/05\/3-1-700x455.png 700w, http:\/\/douniaessafar.com\/wp-content\/uploads\/2025\/05\/3-1-400x260.png 400w, http:\/\/douniaessafar.com\/wp-content\/uploads\/2025\/05\/3-1-768x499.png 768w, http:\/\/douniaessafar.com\/wp-content\/uploads\/2025\/05\/3-1-1536x998.png 1536w, http:\/\/douniaessafar.com\/wp-content\/uploads\/2025\/05\/3-1.png 2000w\" sizes=\"(max-width: 1231px) 100vw, 1231px\" \/>\t\t\t\t\t\t\t\t\t\t\t\t\t\t\t<\/div>\n\t\t\t\t<\/div>\n\t\t\t\t\t<\/div>\n\t\t<\/div>\n\t\t\t\t\t<\/div>\n\t\t<\/section>\n\t\t\t\t<section class=\"wd-negative-gap elementor-section elementor-top-section elementor-element elementor-element-5ecbbc06 elementor-section-boxed elementor-section-height-default elementor-section-height-default wpr-particle-no wpr-jarallax-no wpr-parallax-no wpr-sticky-section-no wpr-equal-height-no\" data-id=\"5ecbbc06\" data-element_type=\"section\" data-e-type=\"section\">\n\t\t\t\t\t\t<div class=\"elementor-container elementor-column-gap-wide\">\n\t\t\t\t\t<div class=\"elementor-column elementor-col-50 elementor-top-column elementor-element elementor-element-3d2cabbd\" data-id=\"3d2cabbd\" data-element_type=\"column\" data-e-type=\"column\">\n\t\t\t<div class=\"elementor-widget-wrap elementor-element-populated\">\n\t\t\t\t\t\t<div class=\"elementor-element elementor-element-4aefa15 elementor-widget elementor-widget-image\" data-id=\"4aefa15\" data-element_type=\"widget\" data-e-type=\"widget\" data-widget_type=\"image.default\">\n\t\t\t\t<div class=\"elementor-widget-container\">\n\t\t\t\t\t\t\t\t\t\t\t\t\t\t\t<img decoding=\"async\" width=\"800\" height=\"800\" data-src=\"http:\/\/douniaessafar.com\/wp-content\/uploads\/2025\/05\/Design-sans-titre-3-2-800x800.png\" class=\"attachment-large size-large wp-image-16136 lazyload\" alt=\"\" data-srcset=\"http:\/\/douniaessafar.com\/wp-content\/uploads\/2025\/05\/Design-sans-titre-3-2-800x800.png 800w, http:\/\/douniaessafar.com\/wp-content\/uploads\/2025\/05\/Design-sans-titre-3-2-430x430.png 430w, http:\/\/douniaessafar.com\/wp-content\/uploads\/2025\/05\/Design-sans-titre-3-2-150x150.png 150w, http:\/\/douniaessafar.com\/wp-content\/uploads\/2025\/05\/Design-sans-titre-3-2-700x700.png 700w, http:\/\/douniaessafar.com\/wp-content\/uploads\/2025\/05\/Design-sans-titre-3-2-300x300.png 300w, http:\/\/douniaessafar.com\/wp-content\/uploads\/2025\/05\/Design-sans-titre-3-2-768x768.png 768w, http:\/\/douniaessafar.com\/wp-content\/uploads\/2025\/05\/Design-sans-titre-3-2-1536x1536.png 1536w, http:\/\/douniaessafar.com\/wp-content\/uploads\/2025\/05\/Design-sans-titre-3-2.png 1800w\" data-sizes=\"(max-width: 800px) 100vw, 800px\" src=\"data:image\/svg+xml;base64,PHN2ZyB3aWR0aD0iMSIgaGVpZ2h0PSIxIiB4bWxucz0iaHR0cDovL3d3dy53My5vcmcvMjAwMC9zdmciPjwvc3ZnPg==\" style=\"--smush-placeholder-width: 800px; --smush-placeholder-aspect-ratio: 800\/800;\" \/>\t\t\t\t\t\t\t\t\t\t\t\t\t\t\t<\/div>\n\t\t\t\t<\/div>\n\t\t\t\t\t<\/div>\n\t\t<\/div>\n\t\t\t\t<div class=\"elementor-column elementor-col-50 elementor-top-column elementor-element elementor-element-3d955282\" data-id=\"3d955282\" data-element_type=\"column\" data-e-type=\"column\">\n\t\t\t<div class=\"elementor-widget-wrap elementor-element-populated\">\n\t\t\t\t\t\t<div class=\"elementor-element elementor-element-4062156 elementor-widget elementor-widget-heading\" data-id=\"4062156\" data-element_type=\"widget\" data-e-type=\"widget\" data-widget_type=\"heading.default\">\n\t\t\t\t<div class=\"elementor-widget-container\">\n\t\t\t\t\t<h2 class=\"elementor-heading-title elementor-size-default\">Pourquoi nous choisir ?<\/h2>\t\t\t\t<\/div>\n\t\t\t\t<\/div>\n\t\t\t\t<div class=\"elementor-element elementor-element-a39fe19 elementor-widget-divider--view-line elementor-widget elementor-widget-divider\" data-id=\"a39fe19\" data-element_type=\"widget\" data-e-type=\"widget\" data-widget_type=\"divider.default\">\n\t\t\t\t<div class=\"elementor-widget-container\">\n\t\t\t\t\t\t\t<div class=\"elementor-divider\">\n\t\t\t<span class=\"elementor-divider-separator\">\n\t\t\t\t\t\t<\/span>\n\t\t<\/div>\n\t\t\t\t\t\t<\/div>\n\t\t\t\t<\/div>\n\t\t\t\t<div class=\"elementor-element elementor-element-21cbff2f color-scheme-inherit text-left elementor-widget elementor-widget-text-editor\" data-id=\"21cbff2f\" data-element_type=\"widget\" data-e-type=\"widget\" data-widget_type=\"text-editor.default\">\n\t\t\t\t<div class=\"elementor-widget-container\">\n\t\t\t\t\t\t\t\t\t<p class=\"\" data-start=\"155\" data-end=\"339\">Chez <strong data-start=\"160\" data-end=\"185\">DOUNIA ESSAFAR<\/strong>, chaque voyage est bien plus qu\u2019un simple d\u00e9placement : c\u2019est une exp\u00e9rience unique, pens\u00e9e pour vous.<br data-start=\"288\" data-end=\"291\" \/>Voici pourquoi nos clients nous font confiance :<\/p><p class=\"\" data-start=\"341\" data-end=\"535\"><strong data-start=\"344\" data-end=\"371\">Expertise et exp\u00e9rience<\/strong> : Forts de plusieurs ann\u00e9es dans le secteur du tourisme, nous connaissons les meilleures destinations, les bons plans et les conseils utiles pour un s\u00e9jour r\u00e9ussi.<\/p><p class=\"\" data-start=\"537\" data-end=\"699\"><strong data-start=\"540\" data-end=\"565\">Offres personnalis\u00e9es<\/strong> : Que vous voyagiez en solo, en couple, en famille ou en groupe, nous cr\u00e9ons des s\u00e9jours sur mesure selon vos envies et votre budget.<\/p><p class=\"\" data-start=\"701\" data-end=\"829\"><strong data-start=\"704\" data-end=\"730\">Accompagnement complet<\/strong> : De la r\u00e9servation \u00e0 votre retour, notre \u00e9quipe vous accompagne avec r\u00e9activit\u00e9 et disponibilit\u00e9.<\/p><p class=\"\" data-start=\"831\" data-end=\"966\"><strong data-start=\"834\" data-end=\"867\">Meilleur rapport qualit\u00e9-prix<\/strong> : Gr\u00e2ce \u00e0 nos partenariats, nous vous offrons des tarifs avantageux sans compromis sur la qualit\u00e9.<\/p><p class=\"\" data-start=\"968\" data-end=\"1108\"><strong data-start=\"970\" data-end=\"995\">Satisfaction garantie<\/strong> : Des milliers de voyageurs satisfaits t\u00e9moignent de notre professionnalisme et de notre passion pour le voyage.<\/p><p class=\"\" data-start=\"1110\" data-end=\"1214\">Avec <strong data-start=\"1115\" data-end=\"1140\">DOUNIA ESSAFAR<\/strong>, partez l\u2019esprit tranquille\u2026 et revenez avec des souvenirs inoubliables !<\/p>\t\t\t\t\t\t\t\t<\/div>\n\t\t\t\t<\/div>\n\t\t\t\t\t<\/div>\n\t\t<\/div>\n\t\t\t\t\t<\/div>\n\t\t<\/section>\n\t\t\t\t<section class=\"wd-negative-gap elementor-section elementor-top-section elementor-element elementor-element-20dcb631 elementor-section-height-min-height elementor-section-boxed elementor-section-height-default elementor-section-items-middle wpr-particle-no wpr-jarallax-no wpr-parallax-no wpr-sticky-section-no wpr-equal-height-no\" data-id=\"20dcb631\" data-element_type=\"section\" data-e-type=\"section\" data-settings=\"{&quot;background_background&quot;:&quot;classic&quot;}\">\n\t\t\t\t\t\t\t<div class=\"elementor-background-overlay\"><\/div>\n\t\t\t\t\t\t\t<div class=\"elementor-container elementor-column-gap-default\">\n\t\t\t\t\t<div class=\"elementor-column elementor-col-50 elementor-top-column elementor-element elementor-element-289f62da elementor-hidden-tablet elementor-hidden-mobile\" data-id=\"289f62da\" data-element_type=\"column\" data-e-type=\"column\">\n\t\t\t<div class=\"elementor-widget-wrap\">\n\t\t\t\t\t\t\t<\/div>\n\t\t<\/div>\n\t\t\t\t<div class=\"elementor-column elementor-col-50 elementor-top-column elementor-element elementor-element-33043076\" data-id=\"33043076\" data-element_type=\"column\" data-e-type=\"column\">\n\t\t\t<div class=\"elementor-widget-wrap elementor-element-populated\">\n\t\t\t\t\t\t<div class=\"elementor-element elementor-element-376e96b5 elementor-widget elementor-widget-heading\" data-id=\"376e96b5\" data-element_type=\"widget\" data-e-type=\"widget\" data-widget_type=\"heading.default\">\n\t\t\t\t<div class=\"elementor-widget-container\">\n\t\t\t\t\t<h2 class=\"elementor-heading-title elementor-size-default\">Profitez de la meilleure exp\u00e9rience avec nous<\/h2>\t\t\t\t<\/div>\n\t\t\t\t<\/div>\n\t\t\t\t<div class=\"elementor-element elementor-element-407d39e elementor-widget-divider--view-line elementor-widget elementor-widget-divider\" data-id=\"407d39e\" data-element_type=\"widget\" data-e-type=\"widget\" data-widget_type=\"divider.default\">\n\t\t\t\t<div class=\"elementor-widget-container\">\n\t\t\t\t\t\t\t<div class=\"elementor-divider\">\n\t\t\t<span class=\"elementor-divider-separator\">\n\t\t\t\t\t\t<\/span>\n\t\t<\/div>\n\t\t\t\t\t\t<\/div>\n\t\t\t\t<\/div>\n\t\t\t\t<div class=\"elementor-element elementor-element-3f6a001 color-scheme-inherit text-left elementor-widget elementor-widget-text-editor\" data-id=\"3f6a001\" data-element_type=\"widget\" data-e-type=\"widget\" data-widget_type=\"text-editor.default\">\n\t\t\t\t<div class=\"elementor-widget-container\">\n\t\t\t\t\t\t\t\t\t<p>Partez l\u2019esprit tranquille et laissez-nous transformer votre voyage en un moment inoubliable. Gr\u00e2ce \u00e0 notre expertise, notre passion et notre attention aux d\u00e9tails, chaque s\u00e9jour devient une aventure unique, faite sur mesure pour vous.<\/p>\t\t\t\t\t\t\t\t<\/div>\n\t\t\t\t<\/div>\n\t\t\t\t\t<\/div>\n\t\t<\/div>\n\t\t\t\t\t<\/div>\n\t\t<\/section>\n\t\t<div class=\"wd-negative-gap elementor-element elementor-element-373b3f9 e-flex e-con-boxed wpr-particle-no wpr-jarallax-no wpr-parallax-no wpr-sticky-section-no wpr-equal-height-no e-con e-parent\" data-id=\"373b3f9\" data-element_type=\"container\" data-e-type=\"container\">\n\t\t\t\t\t<div class=\"e-con-inner\">\n\t\t\t\t<div class=\"elementor-element elementor-element-f10621d elementor-widget elementor-widget-wd_products_brands\" data-id=\"f10621d\" data-element_type=\"widget\" data-e-type=\"widget\" data-widget_type=\"wd_products_brands.default\">\n\t\t\t\t<div class=\"elementor-widget-container\">\n\t\t\t\t\t\t\t<div class=\"wd-brands brands-widget slider-brands_2907 wd-hover-alt wd-style-default wd-layout-carousel wd-carousel-container\" id=\"brands_2907\">\n\t\t\t\t\t\t\t<div class=\"wd-carousel-inner\">\n\t\t\t\n\t\t\t<div class=\"wd-carousel wd-grid scroll-init\" data-speed=\"2000\" data-wrap=\"yes\" data-autoplay=\"yes\" data-scroll_per_page=\"yes\" style=\"--wd-col-lg:6;--wd-col-md:4;--wd-col-sm:2;\">\n\t\t\t\t\t\t\t\t\t<div class=\"wd-carousel-wrap\">\n\t\t\t\t\n\t\t\t\t\t\t\t\t\t\t\t\t\t\t\t\n\t\t\t\t\t\t<div class=\"wd-carousel-item\">\n\t\t\t\t\t\t\t<div class=\"wd-brand-item brand-item\">\n\t\t\t\t\t\t\t\t\t\t\t\t\t\t\t\t\t\n\t\t\t\t\t\t\t\t\t<img decoding=\"async\" width=\"433\" height=\"116\" data-src=\"https:\/\/douniaessafar.com\/wp-content\/uploads\/2025\/05\/telechargement__1_-removebg-preview.png\" class=\"attachment-full size-full lazyload\" alt=\"\" data-srcset=\"https:\/\/douniaessafar.com\/wp-content\/uploads\/2025\/05\/telechargement__1_-removebg-preview.png 433w, https:\/\/douniaessafar.com\/wp-content\/uploads\/2025\/05\/telechargement__1_-removebg-preview-430x115.png 430w, https:\/\/douniaessafar.com\/wp-content\/uploads\/2025\/05\/telechargement__1_-removebg-preview-150x40.png 150w, https:\/\/douniaessafar.com\/wp-content\/uploads\/2025\/05\/telechargement__1_-removebg-preview-400x107.png 400w\" data-sizes=\"(max-width: 433px) 100vw, 433px\" src=\"data:image\/svg+xml;base64,PHN2ZyB3aWR0aD0iMSIgaGVpZ2h0PSIxIiB4bWxucz0iaHR0cDovL3d3dy53My5vcmcvMjAwMC9zdmciPjwvc3ZnPg==\" style=\"--smush-placeholder-width: 433px; --smush-placeholder-aspect-ratio: 433\/116;\" \/>\t\t\t\t\t\t\t\t\t\t\t\t\t\t\t<\/div>\n\t\t\t\t\t\t<\/div>\n\t\t\t\t\t\t\t\t\t\t\t\n\t\t\t\t\t\t<div class=\"wd-carousel-item\">\n\t\t\t\t\t\t\t<div class=\"wd-brand-item brand-item\">\n\t\t\t\t\t\t\t\t\t\t\t\t\t\t\t\t\t\n\t\t\t\t\t\t\t\t\t<img decoding=\"async\" width=\"355\" height=\"142\" data-src=\"https:\/\/douniaessafar.com\/wp-content\/uploads\/2025\/05\/telechargement__2_-removebg-preview.png\" class=\"attachment-full size-full lazyload\" alt=\"\" data-srcset=\"https:\/\/douniaessafar.com\/wp-content\/uploads\/2025\/05\/telechargement__2_-removebg-preview.png 355w, https:\/\/douniaessafar.com\/wp-content\/uploads\/2025\/05\/telechargement__2_-removebg-preview-150x60.png 150w\" data-sizes=\"(max-width: 355px) 100vw, 355px\" src=\"data:image\/svg+xml;base64,PHN2ZyB3aWR0aD0iMSIgaGVpZ2h0PSIxIiB4bWxucz0iaHR0cDovL3d3dy53My5vcmcvMjAwMC9zdmciPjwvc3ZnPg==\" style=\"--smush-placeholder-width: 355px; --smush-placeholder-aspect-ratio: 355\/142;\" \/>\t\t\t\t\t\t\t\t\t\t\t\t\t\t\t<\/div>\n\t\t\t\t\t\t<\/div>\n\t\t\t\t\t\t\t\t\t\t\t\n\t\t\t\t\t\t<div class=\"wd-carousel-item\">\n\t\t\t\t\t\t\t<div class=\"wd-brand-item brand-item\">\n\t\t\t\t\t\t\t\t\t\t\t\t\t\t\t\t\t\n\t\t\t\t\t\t\t\t\t<img decoding=\"async\" width=\"500\" height=\"281\" data-src=\"https:\/\/douniaessafar.com\/wp-content\/uploads\/2025\/05\/5e8d48c5b195ab88f43f3fed1b4d5c5f-Modifie.png\" class=\"attachment-full size-full lazyload\" alt=\"\" data-srcset=\"https:\/\/douniaessafar.com\/wp-content\/uploads\/2025\/05\/5e8d48c5b195ab88f43f3fed1b4d5c5f-Modifie.png 500w, https:\/\/douniaessafar.com\/wp-content\/uploads\/2025\/05\/5e8d48c5b195ab88f43f3fed1b4d5c5f-Modifie-430x242.png 430w, https:\/\/douniaessafar.com\/wp-content\/uploads\/2025\/05\/5e8d48c5b195ab88f43f3fed1b4d5c5f-Modifie-150x84.png 150w, https:\/\/douniaessafar.com\/wp-content\/uploads\/2025\/05\/5e8d48c5b195ab88f43f3fed1b4d5c5f-Modifie-400x225.png 400w\" data-sizes=\"(max-width: 500px) 100vw, 500px\" src=\"data:image\/svg+xml;base64,PHN2ZyB3aWR0aD0iMSIgaGVpZ2h0PSIxIiB4bWxucz0iaHR0cDovL3d3dy53My5vcmcvMjAwMC9zdmciPjwvc3ZnPg==\" style=\"--smush-placeholder-width: 500px; --smush-placeholder-aspect-ratio: 500\/281;\" \/>\t\t\t\t\t\t\t\t\t\t\t\t\t\t\t<\/div>\n\t\t\t\t\t\t<\/div>\n\t\t\t\t\t\t\t\t\t\t\t\n\t\t\t\t\t\t<div class=\"wd-carousel-item\">\n\t\t\t\t\t\t\t<div class=\"wd-brand-item brand-item\">\n\t\t\t\t\t\t\t\t\t\t\t\t\t\t\t\t\t\n\t\t\t\t\t\t\t\t\t<img decoding=\"async\" width=\"351\" height=\"100\" data-src=\"https:\/\/douniaessafar.com\/wp-content\/uploads\/2025\/05\/433145-qatar-airways_logo-967f6f-original-1654772400-e1746357170999.png\" class=\"attachment-full size-full lazyload\" alt=\"\" data-srcset=\"https:\/\/douniaessafar.com\/wp-content\/uploads\/2025\/05\/433145-qatar-airways_logo-967f6f-original-1654772400-e1746357170999.png 351w, https:\/\/douniaessafar.com\/wp-content\/uploads\/2025\/05\/433145-qatar-airways_logo-967f6f-original-1654772400-e1746357170999-150x43.png 150w\" data-sizes=\"(max-width: 351px) 100vw, 351px\" src=\"data:image\/svg+xml;base64,PHN2ZyB3aWR0aD0iMSIgaGVpZ2h0PSIxIiB4bWxucz0iaHR0cDovL3d3dy53My5vcmcvMjAwMC9zdmciPjwvc3ZnPg==\" style=\"--smush-placeholder-width: 351px; --smush-placeholder-aspect-ratio: 351\/100;\" \/>\t\t\t\t\t\t\t\t\t\t\t\t\t\t\t<\/div>\n\t\t\t\t\t\t<\/div>\n\t\t\t\t\t\t\t\t\t\t\t\n\t\t\t\t\t\t<div class=\"wd-carousel-item\">\n\t\t\t\t\t\t\t<div class=\"wd-brand-item brand-item\">\n\t\t\t\t\t\t\t\t\t\t\t\t\t\t\t\t\t\n\t\t\t\t\t\t\t\t\t<img decoding=\"async\" width=\"275\" height=\"183\" data-src=\"https:\/\/douniaessafar.com\/wp-content\/uploads\/2025\/05\/telechargement-removebg-preview-2.png\" class=\"attachment-full size-full lazyload\" alt=\"\" data-srcset=\"https:\/\/douniaessafar.com\/wp-content\/uploads\/2025\/05\/telechargement-removebg-preview-2.png 275w, https:\/\/douniaessafar.com\/wp-content\/uploads\/2025\/05\/telechargement-removebg-preview-2-150x100.png 150w\" data-sizes=\"(max-width: 275px) 100vw, 275px\" src=\"data:image\/svg+xml;base64,PHN2ZyB3aWR0aD0iMSIgaGVpZ2h0PSIxIiB4bWxucz0iaHR0cDovL3d3dy53My5vcmcvMjAwMC9zdmciPjwvc3ZnPg==\" style=\"--smush-placeholder-width: 275px; --smush-placeholder-aspect-ratio: 275\/183;\" \/>\t\t\t\t\t\t\t\t\t\t\t\t\t\t\t<\/div>\n\t\t\t\t\t\t<\/div>\n\t\t\t\t\t\t\t\t\t\t\t\n\t\t\t\t\t\t<div class=\"wd-carousel-item\">\n\t\t\t\t\t\t\t<div class=\"wd-brand-item brand-item\">\n\t\t\t\t\t\t\t\t\t\t\t\t\t\t\t\t\t\n\t\t\t\t\t\t\t\t\t<img decoding=\"async\" width=\"577\" height=\"433\" data-src=\"https:\/\/douniaessafar.com\/wp-content\/uploads\/2025\/05\/Emirates_Airline-removebg-preview.png\" class=\"attachment-full size-full lazyload\" alt=\"\" data-srcset=\"https:\/\/douniaessafar.com\/wp-content\/uploads\/2025\/05\/Emirates_Airline-removebg-preview.png 577w, https:\/\/douniaessafar.com\/wp-content\/uploads\/2025\/05\/Emirates_Airline-removebg-preview-430x323.png 430w, https:\/\/douniaessafar.com\/wp-content\/uploads\/2025\/05\/Emirates_Airline-removebg-preview-150x113.png 150w, https:\/\/douniaessafar.com\/wp-content\/uploads\/2025\/05\/Emirates_Airline-removebg-preview-400x300.png 400w\" data-sizes=\"(max-width: 577px) 100vw, 577px\" src=\"data:image\/svg+xml;base64,PHN2ZyB3aWR0aD0iMSIgaGVpZ2h0PSIxIiB4bWxucz0iaHR0cDovL3d3dy53My5vcmcvMjAwMC9zdmciPjwvc3ZnPg==\" style=\"--smush-placeholder-width: 577px; --smush-placeholder-aspect-ratio: 577\/433;\" \/>\t\t\t\t\t\t\t\t\t\t\t\t\t\t\t<\/div>\n\t\t\t\t\t\t<\/div>\n\t\t\t\t\t\t\t\t\t\t\t\n\t\t\t\t\t\t<div class=\"wd-carousel-item\">\n\t\t\t\t\t\t\t<div class=\"wd-brand-item brand-item\">\n\t\t\t\t\t\t\t\t\t\t\t\t\t\t\t\t\t\n\t\t\t\t\t\t\t\t\t<img decoding=\"async\" width=\"449\" height=\"112\" data-src=\"https:\/\/douniaessafar.com\/wp-content\/uploads\/2025\/05\/telechargement-3-Modifie.png\" class=\"attachment-full size-full lazyload\" alt=\"\" data-srcset=\"https:\/\/douniaessafar.com\/wp-content\/uploads\/2025\/05\/telechargement-3-Modifie.png 449w, https:\/\/douniaessafar.com\/wp-content\/uploads\/2025\/05\/telechargement-3-Modifie-430x107.png 430w, https:\/\/douniaessafar.com\/wp-content\/uploads\/2025\/05\/telechargement-3-Modifie-150x37.png 150w, https:\/\/douniaessafar.com\/wp-content\/uploads\/2025\/05\/telechargement-3-Modifie-400x100.png 400w\" data-sizes=\"(max-width: 449px) 100vw, 449px\" src=\"data:image\/svg+xml;base64,PHN2ZyB3aWR0aD0iMSIgaGVpZ2h0PSIxIiB4bWxucz0iaHR0cDovL3d3dy53My5vcmcvMjAwMC9zdmciPjwvc3ZnPg==\" style=\"--smush-placeholder-width: 449px; --smush-placeholder-aspect-ratio: 449\/112;\" \/>\t\t\t\t\t\t\t\t\t\t\t\t\t\t\t<\/div>\n\t\t\t\t\t\t<\/div>\n\t\t\t\t\t\t\t\t\t\t\t\n\t\t\t\t\t\t<div class=\"wd-carousel-item\">\n\t\t\t\t\t\t\t<div class=\"wd-brand-item brand-item\">\n\t\t\t\t\t\t\t\t\t\t\t\t\t\t\t\t\t\n\t\t\t\t\t\t\t\t\t<img decoding=\"async\" width=\"900\" height=\"229\" data-src=\"https:\/\/douniaessafar.com\/wp-content\/uploads\/2025\/05\/Air-France-logo-png-removebg-preview.png\" class=\"attachment-full size-full lazyload\" alt=\"\" data-srcset=\"https:\/\/douniaessafar.com\/wp-content\/uploads\/2025\/05\/Air-France-logo-png-removebg-preview.png 900w, https:\/\/douniaessafar.com\/wp-content\/uploads\/2025\/05\/Air-France-logo-png-removebg-preview-430x109.png 430w, https:\/\/douniaessafar.com\/wp-content\/uploads\/2025\/05\/Air-France-logo-png-removebg-preview-150x38.png 150w, https:\/\/douniaessafar.com\/wp-content\/uploads\/2025\/05\/Air-France-logo-png-removebg-preview-700x178.png 700w, https:\/\/douniaessafar.com\/wp-content\/uploads\/2025\/05\/Air-France-logo-png-removebg-preview-400x102.png 400w, https:\/\/douniaessafar.com\/wp-content\/uploads\/2025\/05\/Air-France-logo-png-removebg-preview-768x195.png 768w\" data-sizes=\"(max-width: 900px) 100vw, 900px\" src=\"data:image\/svg+xml;base64,PHN2ZyB3aWR0aD0iMSIgaGVpZ2h0PSIxIiB4bWxucz0iaHR0cDovL3d3dy53My5vcmcvMjAwMC9zdmciPjwvc3ZnPg==\" style=\"--smush-placeholder-width: 900px; --smush-placeholder-aspect-ratio: 900\/229;\" \/>\t\t\t\t\t\t\t\t\t\t\t\t\t\t\t<\/div>\n\t\t\t\t\t\t<\/div>\n\t\t\t\t\t\t\t\t\t\t\t\n\t\t\t\t\t\t<div class=\"wd-carousel-item\">\n\t\t\t\t\t\t\t<div class=\"wd-brand-item brand-item\">\n\t\t\t\t\t\t\t\t\t\t\t\t\t\t\t\t\t\n\t\t\t\t\t\t\t\t\t<img decoding=\"async\" width=\"180\" height=\"109\" data-src=\"https:\/\/douniaessafar.com\/wp-content\/uploads\/2025\/05\/png-clipart-houari-boumediene-airport-boeing-737-air-algerie-airline-paris-orly-airport-algerie-text-trademark-thumbnail-removebg-preview-e1746356247980.png\" class=\"attachment-full size-full lazyload\" alt=\"\" data-srcset=\"https:\/\/douniaessafar.com\/wp-content\/uploads\/2025\/05\/png-clipart-houari-boumediene-airport-boeing-737-air-algerie-airline-paris-orly-airport-algerie-text-trademark-thumbnail-removebg-preview-e1746356247980.png 180w, https:\/\/douniaessafar.com\/wp-content\/uploads\/2025\/05\/png-clipart-houari-boumediene-airport-boeing-737-air-algerie-airline-paris-orly-airport-algerie-text-trademark-thumbnail-removebg-preview-e1746356247980-150x91.png 150w\" data-sizes=\"(max-width: 180px) 100vw, 180px\" src=\"data:image\/svg+xml;base64,PHN2ZyB3aWR0aD0iMSIgaGVpZ2h0PSIxIiB4bWxucz0iaHR0cDovL3d3dy53My5vcmcvMjAwMC9zdmciPjwvc3ZnPg==\" style=\"--smush-placeholder-width: 180px; --smush-placeholder-aspect-ratio: 180\/109;\" \/>\t\t\t\t\t\t\t\t\t\t\t\t\t\t\t<\/div>\n\t\t\t\t\t\t<\/div>\n\t\t\t\t\t\t\t\t\t\t\t\t\t\t\t\t\t\t<\/div>\n\t\t\t\t\t\t\t<\/div>\n\n\t\t\t\t\t\t\t\t\t\t\t\t\t\t<div class=\"wd-nav-arrows wd-pos-sep wd-hover-1 wd-icon-1\">\n\t\t\t<div class=\"wd-btn-arrow wd-prev wd-disabled\">\n\t\t\t\t<div class=\"wd-arrow-inner\"><\/div>\n\t\t\t<\/div>\n\t\t\t<div class=\"wd-btn-arrow wd-next\">\n\t\t\t\t<div class=\"wd-arrow-inner\"><\/div>\n\t\t\t<\/div>\n\t\t<\/div>\n\t\t\t\t\t\t\n\t\t\t\t<\/div>\n\n\t\t\t\t\t\t\t\t\t\t\t\t\t<\/div>\n\t\t\t\t\t\t<\/div>\n\t\t\t\t<\/div>\n\t\t\t\t\t<\/div>\n\t\t\t\t<\/div>\n\t\t\t\t<\/div>\n\t\t","protected":false},"excerpt":{"rendered":"<p>Qui Somme Nous ? DOUNIA ESSAFAR, C\u2019est une agence touristique fond\u00e9e en 1991, forte de plus de 30 ans d\u2019exp\u00e9rience<\/p>\n","protected":false},"author":1,"featured_media":0,"parent":0,"menu_order":0,"comment_status":"closed","ping_status":"closed","template":"","meta":{"footnotes":""},"class_list":["post-4400","page","type-page","status-publish","hentry"],"_links":{"self":[{"href":"https:\/\/douniaessafar.com\/index.php\/wp-json\/wp\/v2\/pages\/4400","targetHints":{"allow":["GET"]}}],"collection":[{"href":"https:\/\/douniaessafar.com\/index.php\/wp-json\/wp\/v2\/pages"}],"about":[{"href":"https:\/\/douniaessafar.com\/index.php\/wp-json\/wp\/v2\/types\/page"}],"author":[{"embeddable":true,"href":"https:\/\/douniaessafar.com\/index.php\/wp-json\/wp\/v2\/users\/1"}],"replies":[{"embeddable":true,"href":"https:\/\/douniaessafar.com\/index.php\/wp-json\/wp\/v2\/comments?post=4400"}],"version-history":[{"count":9,"href":"https:\/\/douniaessafar.com\/index.php\/wp-json\/wp\/v2\/pages\/4400\/revisions"}],"predecessor-version":[{"id":17302,"href":"https:\/\/douniaessafar.com\/index.php\/wp-json\/wp\/v2\/pages\/4400\/revisions\/17302"}],"wp:attachment":[{"href":"https:\/\/douniaessafar.com\/index.php\/wp-json\/wp\/v2\/media?parent=4400"}],"curies":[{"name":"wp","href":"https:\/\/api.w.org\/{rel}","templated":true}]}}